{"id":28915,"date":"2021-05-15T15:19:48","date_gmt":"2021-05-15T13:19:48","guid":{"rendered":"https:\/\/sellinswiss.ch\/?page_id=28915"},"modified":"2021-05-15T15:21:09","modified_gmt":"2021-05-15T13:21:09","slug":"disclaimer-impressum","status":"publish","type":"page","link":"https:\/\/sellinswiss.ch\/it\/disclaimer-impressum\/","title":{"rendered":"Disclaimer \/ Impressum"},"content":{"rendered":"<p>[et_pb_section fb_built=&#8220;1&#8243; _builder_version=&#8220;4.9.4&#8243; _module_preset=&#8220;default&#8220;][et_pb_row _builder_version=&#8220;4.9.4&#8243; _module_preset=&#8220;default&#8220;][et_pb_column type=&#8220;4_4&#8243; _builder_version=&#8220;4.9.4&#8243; _module_preset=&#8220;default&#8220;][et_pb_text _builder_version=&#8220;4.9.4&#8243; _module_preset=&#8220;default&#8220;]<\/p>\n<p><span style=\"color: #000000;\"><strong>Responsabile del contenuto:<\/strong><\/span><br \/><span style=\"color: #000000;\">Sell in Swiss | <span style=\"color: #333333;\">Hegaustrasse 47 | CH-8212 Neuhausen am Rheinfall<\/span><br \/><\/span><\/p>\n<p><span style=\"color: #000000;\"><strong>Design e concetto:<\/strong><\/span><br \/><span style=\"color: #000000;\">Visual Values AG \u2013 die Werteagentur<\/span><br \/><span style=\"color: #000000;\"><a href=\"http:\/\/www.visual-values.com\/\" target=\"_blank\" rel=\"noopener\" style=\"color: #000000;\"><span style=\"text-decoration: underline;\">www.visual-values.com<\/span><br \/><\/a><\/span><\/p>\n<h3><span style=\"color: #000000;\"><strong>DISCLAIMER<\/strong><\/span><\/h3>\n<p><span style=\"color: #000000;\"><strong>Esclusione di responsabilit\u00e0<br \/><\/strong>L'autore non si assume alcuna responsabilit\u00e0 per quanto riguarda la correttezza, l'accuratezza, la tempestivit\u00e0, l'affidabilit\u00e0 e la completezza delle informazioni. I reclami di responsabilit\u00e0 per danni causati dall'uso di qualsiasi informazione fornita, incluso qualsiasi tipo di informazione incompleta o errata, saranno quindi respinti. Tutte le offerte non sono vincolanti. L'autore si riserva espressamente il diritto di cambiare, completare o cancellare parti delle pagine o l'intera offerta senza preavviso o di cessare la pubblicazione temporaneamente o definitivamente.<\/span><\/p>\n<p><span style=\"color: #000000;\"><b>Responsabilit\u00e0 per i link<br \/><\/b>I riferimenti e i link a siti web di terzi sono al di fuori della nostra area di responsabilit\u00e0. Si declina ogni responsabilit\u00e0 per tali siti web. L'accesso e l'uso di tali siti web \u00e8 a rischio e pericolo dell'utente. Diritti d'autore I diritti d'autore e tutti gli altri diritti sui contenuti, immagini, foto o altri file presenti sul sito web appartengono esclusivamente a Sell In Swiss o ai titolari dei diritti specificamente menzionati. Per la riproduzione di qualsiasi elemento, il consenso scritto del titolare del copyright deve essere ottenuto in anticipo.<\/span><\/p>\n<p><span style=\"color: #000000;\"><strong>Protezione dei dati<\/strong><\/span><br \/><span style=\"color: #000000;\">In base all'articolo 13 della Costituzione federale svizzera e alle disposizioni della Confederazione in materia di protezione dei dati (Legge sulla protezione dei dati, LPD), ogni persona ha diritto alla protezione della sua sfera privata e alla protezione contro l'abuso dei suoi dati personali. Noi rispettiamo queste disposizioni. I dati personali sono trattati in modo strettamente confidenziale e non vengono venduti n\u00e9 trasmessi a terzi.<\/span><\/p>\n<p><span style=\"color: #000000;\">In stretta collaborazione con i nostri fornitori di hosting, ci sforziamo di proteggere al meglio le banche dati da accessi non autorizzati, perdite, abusi o falsificazioni.<\/span><\/p>\n<p><span style=\"color: #000000;\">Quando si accede ai nostri siti web, i seguenti dati vengono memorizzati in file di log: Indirizzo IP, data, ora, richiesta del browser e informazioni generalmente trasmesse sul sistema operativo o sul browser. Questi dati di utilizzo costituiscono la base per valutazioni statistiche e anonime, in modo da poter identificare le tendenze, che possiamo utilizzare per migliorare di conseguenza le nostre offerte.<\/span><\/p>\n<p>[\/et_pb_text][\/et_pb_column][\/et_pb_row][\/et_pb_section]<\/p>","protected":false},"excerpt":{"rendered":"<p>Verantwortlich f\u00fcr den Inhalt:Sell in Swiss | Hegaustrasse 47 | CH-8212 Neuhausen am Rheinfall Gestaltung und Konzept:Visual Values AG \u2013 die Werteagenturwww.visual-values.com DISCLAIMER HaftungsausschlussDer Autor \u00fcbernimmt keinerlei Gew\u00e4hr hinsichtlich der inhaltlichen Richtigkeit, Genauigkeit, Aktualit\u00e4t, Zuverl\u00e4ssigkeit und Vollst\u00e4ndigkeit der Informationen. Haftungsanspr\u00fcche gegen den Autor wegen Sch\u00e4den materieller oder immaterieller Art, welche aus dem Zugriff oder der [&hellip;]<\/p>","protected":false},"author":1,"featured_media":0,"parent":0,"menu_order":0,"comment_status":"closed","ping_status":"closed","template":"","meta":{"_et_pb_use_builder":"on","_et_pb_old_content":"","_et_gb_content_width":"","footnotes":""},"class_list":["post-28915","page","type-page","status-publish","hentry"],"_links":{"self":[{"href":"https:\/\/sellinswiss.ch\/it\/wp-json\/wp\/v2\/pages\/28915","targetHints":{"allow":["GET"]}}],"collection":[{"href":"https:\/\/sellinswiss.ch\/it\/wp-json\/wp\/v2\/pages"}],"about":[{"href":"https:\/\/sellinswiss.ch\/it\/wp-json\/wp\/v2\/types\/page"}],"author":[{"embeddable":true,"href":"https:\/\/sellinswiss.ch\/it\/wp-json\/wp\/v2\/users\/1"}],"replies":[{"embeddable":true,"href":"https:\/\/sellinswiss.ch\/it\/wp-json\/wp\/v2\/comments?post=28915"}],"version-history":[{"count":3,"href":"https:\/\/sellinswiss.ch\/it\/wp-json\/wp\/v2\/pages\/28915\/revisions"}],"predecessor-version":[{"id":28919,"href":"https:\/\/sellinswiss.ch\/it\/wp-json\/wp\/v2\/pages\/28915\/revisions\/28919"}],"wp:attachment":[{"href":"https:\/\/sellinswiss.ch\/it\/wp-json\/wp\/v2\/media?parent=28915"}],"curies":[{"name":"wp","href":"https:\/\/api.w.org\/{rel}","templated":true}]}}