{"id":28915,"date":"2021-05-15T15:19:48","date_gmt":"2021-05-15T13:19:48","guid":{"rendered":"https:\/\/sellinswiss.ch\/?page_id=28915"},"modified":"2021-05-15T15:21:09","modified_gmt":"2021-05-15T13:21:09","slug":"disclaimer-impressum","status":"publish","type":"page","link":"https:\/\/sellinswiss.ch\/fr\/disclaimer-impressum\/","title":{"rendered":"Disclaimer \/ Impressum"},"content":{"rendered":"<p>[et_pb_section fb_built=&#8220;1&#8243; _builder_version=&#8220;4.9.4&#8243; _module_preset=&#8220;default&#8220;][et_pb_row _builder_version=&#8220;4.9.4&#8243; _module_preset=&#8220;default&#8220;][et_pb_column type=&#8220;4_4&#8243; _builder_version=&#8220;4.9.4&#8243; _module_preset=&#8220;default&#8220;][et_pb_text _builder_version=&#8220;4.9.4&#8243; _module_preset=&#8220;default&#8220;]<\/p>\n<p><span style=\"color: #000000;\"><strong>Responsable du contenu:<\/strong><\/span><br \/><span style=\"color: #000000;\">Sell in Swiss | <span style=\"color: #333333;\">Hegaustrasse 47 | CH-8212 Neuhausen am Rheinfall<\/span><br \/><\/span><\/p>\n<p><span style=\"color: #000000;\"><strong>Design et concept:<\/strong><\/span><br \/><span style=\"color: #000000;\">Visual Values AG \u2013 die Werteagentur<\/span><br \/><span style=\"color: #000000;\"><a href=\"http:\/\/www.visual-values.com\/\" target=\"_blank\" rel=\"noopener\" style=\"color: #000000;\"><span style=\"text-decoration: underline;\">www.visual-values.com<\/span><br \/><\/a><\/span><\/p>\n<h3><span style=\"color: #000000;\"><strong>DISCLAIMER<\/strong><\/span><\/h3>\n<p><span style=\"color: #000000;\"><strong>Avis de non-responsabilit\u00e9<br \/><\/strong>L'auteur n'assume aucune responsabilit\u00e9 en ce qui concerne l'exactitude, la pr\u00e9cision, l'actualit\u00e9, la fiabilit\u00e9 et l'exhaustivit\u00e9 des informations. Les r\u00e9clamations en responsabilit\u00e9 concernant des dommages caus\u00e9s par l'utilisation de toute information fournie, y compris tout type d'information incompl\u00e8te ou incorrecte, seront donc rejet\u00e9es. Toutes les offres sont sans engagement. L'auteur se r\u00e9serve express\u00e9ment le droit de modifier, de compl\u00e9ter ou de supprimer certaines parties des pages ou l'ensemble de l'offre sans pr\u00e9avis ou de cesser temporairement ou d\u00e9finitivement la publication.<\/span><\/p>\n<p><span style=\"color: #000000;\"><b>Responsabilit\u00e9 pour les liens<br \/><\/b>Les r\u00e9f\u00e9rences et les liens vers des sites web de tiers ne rel\u00e8vent pas de notre domaine de responsabilit\u00e9. Nous d\u00e9clinons toute responsabilit\u00e9 pour ces sites web. L'acc\u00e8s \u00e0 ces sites et leur utilisation se font aux risques et p\u00e9rils de l'utilisateur. Droits d'auteur Les droits d'auteur et tous les autres droits sur le contenu, les images, les photos ou les autres fichiers du site web appartiennent exclusivement \u00e0 Sell In Swiss ou aux d\u00e9tenteurs de droits sp\u00e9cifiquement d\u00e9sign\u00e9s. Pour la reproduction de tout \u00e9l\u00e9ment, le consentement \u00e9crit du d\u00e9tenteur du droit d'auteur doit \u00eatre obtenu au pr\u00e9alable.<\/span><\/p>\n<p><span style=\"color: #000000;\"><strong>Protection des donn\u00e9es<\/strong><\/span><br \/><span style=\"color: #000000;\">En vertu de l'article 13 de la Constitution f\u00e9d\u00e9rale suisse et des dispositions de la Conf\u00e9d\u00e9ration suisse en mati\u00e8re de protection des donn\u00e9es (loi sur la protection des donn\u00e9es, LPD), toute personne a droit \u00e0 la protection de sa vie priv\u00e9e et \u00e0 la protection contre l'utilisation abusive de ses donn\u00e9es personnelles. Nous nous conformons \u00e0 ces dispositions. Les donn\u00e9es personnelles sont trait\u00e9es de mani\u00e8re strictement confidentielle et ne sont ni vendues ni transmises \u00e0 des tiers.<\/span><\/p>\n<p><span style=\"color: #000000;\">En \u00e9troite collaboration avec nos fournisseurs d'h\u00e9bergement, nous nous effor\u00e7ons de prot\u00e9ger au mieux les bases de donn\u00e9es contre tout acc\u00e8s non autoris\u00e9, toute perte, tout usage abusif ou toute falsification.<\/span><\/p>\n<p><span style=\"color: #000000;\">Lors de l'acc\u00e8s \u00e0 nos sites web, les donn\u00e9es suivantes sont enregistr\u00e9es dans des fichiers journaux : L'adresse IP, la date, l'heure, la demande du navigateur et les informations g\u00e9n\u00e9rales transmises sur le syst\u00e8me d'exploitation ou le navigateur. Ces donn\u00e9es d'utilisation servent de base \u00e0 des \u00e9valuations statistiques anonymes, de sorte que des tendances peuvent \u00eatre identifi\u00e9es, ce qui nous permet d'am\u00e9liorer nos offres en cons\u00e9quence.<\/span><\/p>\n<p>[\/et_pb_text][\/et_pb_column][\/et_pb_row][\/et_pb_section]<\/p>","protected":false},"excerpt":{"rendered":"<p>Verantwortlich f\u00fcr den Inhalt:Sell in Swiss | Hegaustrasse 47 | CH-8212 Neuhausen am Rheinfall Gestaltung und Konzept:Visual Values AG \u2013 die Werteagenturwww.visual-values.com DISCLAIMER HaftungsausschlussDer Autor \u00fcbernimmt keinerlei Gew\u00e4hr hinsichtlich der inhaltlichen Richtigkeit, Genauigkeit, Aktualit\u00e4t, Zuverl\u00e4ssigkeit und Vollst\u00e4ndigkeit der Informationen. Haftungsanspr\u00fcche gegen den Autor wegen Sch\u00e4den materieller oder immaterieller Art, welche aus dem Zugriff oder der [&hellip;]<\/p>","protected":false},"author":1,"featured_media":0,"parent":0,"menu_order":0,"comment_status":"closed","ping_status":"closed","template":"","meta":{"_et_pb_use_builder":"on","_et_pb_old_content":"","_et_gb_content_width":"","footnotes":""},"class_list":["post-28915","page","type-page","status-publish","hentry"],"_links":{"self":[{"href":"https:\/\/sellinswiss.ch\/fr\/wp-json\/wp\/v2\/pages\/28915","targetHints":{"allow":["GET"]}}],"collection":[{"href":"https:\/\/sellinswiss.ch\/fr\/wp-json\/wp\/v2\/pages"}],"about":[{"href":"https:\/\/sellinswiss.ch\/fr\/wp-json\/wp\/v2\/types\/page"}],"author":[{"embeddable":true,"href":"https:\/\/sellinswiss.ch\/fr\/wp-json\/wp\/v2\/users\/1"}],"replies":[{"embeddable":true,"href":"https:\/\/sellinswiss.ch\/fr\/wp-json\/wp\/v2\/comments?post=28915"}],"version-history":[{"count":3,"href":"https:\/\/sellinswiss.ch\/fr\/wp-json\/wp\/v2\/pages\/28915\/revisions"}],"predecessor-version":[{"id":28919,"href":"https:\/\/sellinswiss.ch\/fr\/wp-json\/wp\/v2\/pages\/28915\/revisions\/28919"}],"wp:attachment":[{"href":"https:\/\/sellinswiss.ch\/fr\/wp-json\/wp\/v2\/media?parent=28915"}],"curies":[{"name":"wp","href":"https:\/\/api.w.org\/{rel}","templated":true}]}}